{"id":16422,"date":"2019-03-06T08:58:59","date_gmt":"2019-03-06T15:58:59","guid":{"rendered":"http:\/\/synelamericas.wpengine.com?page_id=16422"},"modified":"2019-09-23T05:11:53","modified_gmt":"2019-09-23T12:11:53","slug":"soluciones-para-rastrear-asistencia-y-tiempo","status":"publish","type":"page","link":"https:\/\/synel-americas.com\/es\/soluciones-para-rastrear-asistencia-y-tiempo\/","title":{"rendered":"Soluciones para rastrear asistencia y tiempo"},"content":{"rendered":"<div class=\"main-content\">\n<div class=\"content-title\">\n<h1>Soluciones para rastrear asistencia y tiempo<\/h1>\n<div class=\"service-title\">\n<h4>Soluciones completas de hardware y software<\/h4>\n<\/div>\n<\/div>\n<div id=\"the-content\" class=\"content-para\">\n<div class=\"cont-1\">\n<p>Cuando se trata de la captura, gesti\u00f3n y comunicaci\u00f3n de datos, la <strong>ventaja Synel<\/strong> est\u00e1 clara:<\/p>\n<ul>\n<li>Aseguramos una transici\u00f3n fluida y clara, integrando soluciones completas, incluyendo todo el hardware y software<\/li>\n<li>Ofrecemos entrenar a sus empleados y administradores para utilizar su nuevo hardware y software en persona o de forma remota<\/li>\n<li>Tenemos varios formas de soporte t\u00e9cnico, incluyendo correo electr\u00f3nico y tel\u00e9fono (lunes \u2013 viernes, 6 A.M. \u2013 5 P.M. MST)<\/li>\n<li>Ofrecemos paquetes de actualizaci\u00f3n y garant\u00eda de hardware y software.<\/li>\n<li>Amplio equipo de ingenieros y desarrolladores para gestionar los sistemas y la tecnolog\u00eda de la aplicaci\u00f3n a trav\u00e9s del apoyo.<\/li>\n<li>Aseguramos el reemplazamiento r\u00e1pido con nuestro inventario disponible<\/li>\n<\/ul>\n<p>Las soluciones completas de Synel capacitan a cualquier empresa a resolver tareas de la gesti\u00f3n de la obra de mano con precisi\u00f3n y eficacia:<\/p>\n<ul>\n<li>Escoja uno de los varios m\u00e9todos de autenticar empleados en cualquier combinaci\u00f3n, incluyendo a la captura biom\u00e9trica (huellas dactilares, reconocimiento facial, huellas de mano), barcode (c\u00f3digo de barras), magnetic stripe (banda magn\u00e9tica), PIN (numero personal de identificaci\u00f3n) y m\u00e1s para eliminar el robo de tiempo y asegurar que la asistencia sea fiable<\/li>\n<li>Se puede asignar una variedad de niveles de trabajo y tipos de trabajo para cada empleado.<\/li>\n<li>Definir las reglas de trabajo para las marcas de asistencia, incluyendo horarios, zonas geogr\u00e1ficas, las normas de redondeo y m\u00e1s, para automatizar y eliminar las horas extras no autorizadas y m\u00e1s.<\/li>\n<li>Proporcionar informaci\u00f3n de autoservicio del empleado incluyendo informes de acumulaci\u00f3n de beneficios, solicitudes de tiempo libre, y otras funciones relacionadas con la gesti\u00f3n de asistencia.<\/li>\n<li>Cumple con los requerimientos de ley (como el Affordable Care Act)<\/li>\n<li>Ahorrar tiempo y reducir los errores de la integraci\u00f3n directa de n\u00f3mina.<\/li>\n<li>Use las herramientas y reportes disponibles para reconocer patrones que pueda aumentar o mejorar le eficacia del labor.<\/li>\n<\/ul>\n<p>Adoptar nuestra competa solucion para asegurar la exactitud, la eficacia y el control necesario para un sistema de asistencia. Nuestros sistemas son f\u00e1cil de integrar y son asequible.<\/p>\n<p>&nbsp;<\/p>\n<\/div>\n<\/div>\n<div class=\"gallery-pdf\"><\/div>\n<div class=\"first-hr\"><img decoding=\"async\" src=\"http:\/\/www.synel-americas.com\/wp-content\/themes\/synel\/img\/line-blue.png\" alt=\"\" \/><\/div>\n<\/div>\n","protected":false},"excerpt":{"rendered":"<p>Soluciones para rastrear asistencia y tiempo Soluciones completas de hardware y software Cuando se trata de la captura, gesti\u00f3n y comunicaci\u00f3n de datos, la ventaja Synel est\u00e1 clara: Aseguramos una transici\u00f3n fluida y clara, integrando soluciones completas, incluyendo todo el hardware y software Ofrecemos entrenar a sus empleados y administradores para utilizar su nuevo hardware &hellip; <a href=\"https:\/\/synel-americas.com\/es\/soluciones-para-rastrear-asistencia-y-tiempo\/\" class=\"more-link\">Continue reading <span class=\"screen-reader-text\">Soluciones para rastrear asistencia y tiempo<\/span> <span class=\"meta-nav\">&rarr;<\/span><\/a><\/p>\n","protected":false},"author":1,"featured_media":16424,"parent":0,"menu_order":81,"comment_status":"closed","ping_status":"closed","template":"","meta":{"_acf_changed":false,"footnotes":"","_links_to":"","_links_to_target":""},"page_categories":[152],"class_list":["post-16422","page","type-page","status-publish","has-post-thumbnail","hentry","page_categories-our-solutions-es"],"acf":[],"yoast_head":"<!-- This site is optimized with the Yoast SEO Premium plugin v15.0 - https:\/\/yoast.com\/wordpress\/plugins\/seo\/ -->\n<meta name=\"description\" content=\"Time and Attendance Software - Capture employee time &amp; attendance data. Empower your workforce, improve productivity, control costs &amp; remain compliant.\" \/>\n<meta name=\"robots\" content=\"index, follow, max-snippet:-1, max-image-preview:large, max-video-preview:-1\" \/>\n<link rel=\"canonical\" href=\"https:\/\/synel-americas.com\/es\/soluciones-para-rastrear-asistencia-y-tiempo\/\" \/>\n<meta property=\"og:locale\" content=\"es_ES\" \/>\n<meta property=\"og:type\" content=\"article\" \/>\n<meta property=\"og:title\" content=\"Soluciones para rastrear asistencia y tiempo Software - Synel Americas\" \/>\n<meta property=\"og:description\" content=\"Time and Attendance Software - Capture employee time &amp; attendance data. Empower your workforce, improve productivity, control costs &amp; remain compliant.\" \/>\n<meta property=\"og:url\" content=\"https:\/\/synel-americas.com\/es\/soluciones-para-rastrear-asistencia-y-tiempo\/\" \/>\n<meta property=\"og:site_name\" content=\"Synel Americas\" \/>\n<meta property=\"article:modified_time\" content=\"2019-09-23T12:11:53+00:00\" \/>\n<meta property=\"og:image\" content=\"https:\/\/synel-americas.com\/wp-content\/uploads\/2019\/03\/time-attendance.jpg\" \/>\n\t<meta property=\"og:image:width\" content=\"1920\" \/>\n\t<meta property=\"og:image:height\" content=\"500\" \/>\n<meta name=\"twitter:card\" content=\"summary_large_image\" \/>\n<script type=\"application\/ld+json\" class=\"yoast-schema-graph\">{\"@context\":\"https:\/\/schema.org\",\"@graph\":[{\"@type\":\"WebSite\",\"@id\":\"https:\/\/synel-americas.com\/es\/#website\",\"url\":\"https:\/\/synel-americas.com\/es\/\",\"name\":\"Synel Americas\",\"description\":\"The World&#039;s Leading Fast and Accurate Data Capture devices.\",\"potentialAction\":[{\"@type\":\"SearchAction\",\"target\":\"https:\/\/synel-americas.com\/es\/?s={search_term_string}\",\"query-input\":\"required name=search_term_string\"}],\"inLanguage\":\"es\"},{\"@type\":\"ImageObject\",\"@id\":\"https:\/\/synel-americas.com\/es\/soluciones-para-rastrear-asistencia-y-tiempo\/#primaryimage\",\"inLanguage\":\"es\",\"url\":\"https:\/\/synel-americas.com\/wp-content\/uploads\/2019\/03\/time-attendance.jpg\",\"width\":1920,\"height\":500,\"caption\":\"Time and Attendance\"},{\"@type\":\"WebPage\",\"@id\":\"https:\/\/synel-americas.com\/es\/soluciones-para-rastrear-asistencia-y-tiempo\/#webpage\",\"url\":\"https:\/\/synel-americas.com\/es\/soluciones-para-rastrear-asistencia-y-tiempo\/\",\"name\":\"Soluciones para rastrear asistencia y tiempo Software - Synel Americas\",\"isPartOf\":{\"@id\":\"https:\/\/synel-americas.com\/es\/#website\"},\"primaryImageOfPage\":{\"@id\":\"https:\/\/synel-americas.com\/es\/soluciones-para-rastrear-asistencia-y-tiempo\/#primaryimage\"},\"datePublished\":\"2019-03-06T15:58:59+00:00\",\"dateModified\":\"2019-09-23T12:11:53+00:00\",\"description\":\"Time and Attendance Software - Capture employee time & attendance data. Empower your workforce, improve productivity, control costs & remain compliant.\",\"inLanguage\":\"es\",\"potentialAction\":[{\"@type\":\"ReadAction\",\"target\":[\"https:\/\/synel-americas.com\/es\/soluciones-para-rastrear-asistencia-y-tiempo\/\"]}]}]}<\/script>\n<!-- \/ Yoast SEO Premium plugin. -->","jetpack_sharing_enabled":true,"_links":{"self":[{"href":"https:\/\/synel-americas.com\/es\/wp-json\/wp\/v2\/pages\/16422","targetHints":{"allow":["GET"]}}],"collection":[{"href":"https:\/\/synel-americas.com\/es\/wp-json\/wp\/v2\/pages"}],"about":[{"href":"https:\/\/synel-americas.com\/es\/wp-json\/wp\/v2\/types\/page"}],"author":[{"embeddable":true,"href":"https:\/\/synel-americas.com\/es\/wp-json\/wp\/v2\/users\/1"}],"replies":[{"embeddable":true,"href":"https:\/\/synel-americas.com\/es\/wp-json\/wp\/v2\/comments?post=16422"}],"version-history":[{"count":0,"href":"https:\/\/synel-americas.com\/es\/wp-json\/wp\/v2\/pages\/16422\/revisions"}],"wp:featuredmedia":[{"embeddable":true,"href":"https:\/\/synel-americas.com\/es\/wp-json\/wp\/v2\/media\/16424"}],"wp:attachment":[{"href":"https:\/\/synel-americas.com\/es\/wp-json\/wp\/v2\/media?parent=16422"}],"wp:term":[{"taxonomy":"page_categories","embeddable":true,"href":"https:\/\/synel-americas.com\/es\/wp-json\/wp\/v2\/page_categories?post=16422"}],"curies":[{"name":"wp","href":"https:\/\/api.w.org\/{rel}","templated":true}]}}